{"id":254682,"date":"2023-05-17T13:48:34","date_gmt":"2023-05-17T11:48:34","guid":{"rendered":"https:\/\/limousinenservice-muenchen.de\/we-are-there-for-you-in-germany-and-throughout-europe\/limousine-service-and-chauffeur-service-in-germany\/limousine-service-and-chauffeur-service-regensburg\/"},"modified":"2025-01-24T15:57:53","modified_gmt":"2025-01-24T14:57:53","slug":"limousine-service-regensburg","status":"publish","type":"page","link":"https:\/\/www.bavaria-limousines.de\/en\/locations\/limousine-service-germany\/limousine-service-regensburg\/","title":{"rendered":"Limousine Service and Chauffeur Service Regensburg"},"content":{"rendered":"\n<p class=\"has-text-align-center\">Whether it&#8217;s <strong>a business meeting<\/strong>, <strong>private sightseeing<\/strong>, <strong>roadshow<\/strong>, <strong>trade fair visit<\/strong> or <strong>airport transfer<\/strong> &#8211; we are there for you.<\/p>\n\n\n\n<p class=\"has-text-align-center\">Experience a breathtaking time with our Limousine Service Regensburg in the, many would like to say, northernmost city of Italy. The beautiful district-free city of Regensburg became a UNESCO World Heritage Site in 2006. And not least, because of the magnificent and well-preserved medieval town center. This gives the city an Italian charm that many associate with the Italian cities of San Ginignano and Bologna.<\/p>\n\n\n\r\n <\/div><blink>test<\/blink>    <div class=\"text_block_fef5611e8201ef311ca83a8a36526bee\" style=\"  background-color:#f2f2f2 \">\r\n        <div class=\"entry-content ym-wrapper spalten-3 textblock aligncenter\">\r\n        <div class=\"ym-grid linearize-level-1\" >\r\n                             <div class=\"kurzbeschreibung\"><p style=\"text-align: center;\">Limousine Service Regensburg &#8211; Bavaria Limousines We of the Limousine Service Regensburg offer you a complete service offer for your business as well as private stay in Regensburg. If you wish, we will take care of the planning of your stay. Due to our many years of experience in chauffeur service, we know the finest local hotels and restaurants.<\/p>\n<\/div>                <div class=\"ym-g33 ym-gl\"><div class=\"ym-wbox\"><p style=\"text-align: left;\">We are also happy to recommend some cultural events to round off your stay in Regensburg. Many visitors to Regensburg travel to the Free State of Bavaria by plane. Nuremberg airport is 110 km away from Regensburg and Munich airport is just 85 km away. The easiest and safest way to get from the airport to the hotel is with our airport transfer service.<\/p>\n<p style=\"text-align: left;\">Our chauffeurs have excellent manners and a wide range of language skills. Furthermore, our chauffeurs are tested at regular intervals. At our Limousine Service Regensburg you will be chauffeured exclusively by fully trained chauffeurs.<\/p>\n<p style=\"text-align: left;\">Chauffeur Service Regensburg &#8211; Bavaria Limousines If your busy schedule allows it, the city of Regensburg offers a variety of relaxation options where you can mentally prepare for big events. In this context, our chauffeur will be happy to chauffeur you to the beautiful parks and historic buildings of Regensburg.<\/p>\n<\/div><\/div><div class=\"ym-g33 ym-gl\"><div class=\"ym-wbox\"><p style=\"text-align: left;\">The old town of Regensburg is located in a green belt, in it are parts of the former castle park of the princely seat Thurn and Taxis. Besides the Gr\u00fcng\u00fcrtel, the largest parks in Regensburg are D\u00f6rnbergpark with 7.5 hectares, Stadtpark with over 8 hectares and Herzogspark with its 1.5 hectares.<\/p>\n<p style=\"text-align: left;\">We from the Limousine Service Regensburg would like to show you personally what we have described on this page and much more. If you have any questions about our services and about the city of Regensburg, do not hesitate to contact us by e-mail or phone.<\/p>\n<p style=\"text-align: left;\">Your Chauffeur Service &amp; Limousine Service, Bavaria Limousines \/ Regensburg<\/p>\n<\/div><\/div><div class=\"ym-g33 ym-gl\"><div class=\"ym-wbox\"><h3>Office Regensburg<\/h3>\n<p>Contact:<br \/>\n+49 89 55274891<br \/>\n<a href=\"mailto:regensburg@bavaria-limousines.com\">regensburg@bavaria-limousines.com<\/a><\/p>\n<\/div><\/div>                            <\/div>\r\n        <\/div>\r\n    <\/div>\r\n<div class=\"entry-content ym-wrapper\">    \r\n\n\n\n<h2 class=\"wp-block-heading has-text-align-center\" id=\"h-for-every-situation-our-chauffeur-service-in-regensburg\">For every situation &#8211; our chauffeur service in Regensburg<\/h2>\n\n\n\n<p class=\"has-text-align-center\">From airport transfer to Munich to hotel shuttle service. Our driving service is also available to you at any time in Regensburg.<\/p>\n\n\n\t\t<div class=\"abstand\">\r\n\t\t<div class=\"ym-wrapper\">\r\n\t\t<div class=\"viererGrid ym-grid\">\t\t\t\t\r\n\t\t\t\t\t\t\t\t\t\t\t\t\t<div class=\"ym-g25 ym-gl\">\r\n\r\n\t\t\t\t\t<div class=\"ym-wbox\">\r\n\t\t\t\t\t\t\t\t\t\t\t\t<figure>\r\n\t\t\t\t\t\t\t<img class=\"gridBild\" \r\n\t\t\t\t\t\t\tsrc=\"https:\/\/www.bavaria-limousines.de\/wp-content\/uploads\/2023\/05\/flughafentransfer-regensburg.jpg\"\r\n\t\t\t\t\t\t\ttitle=\"flughafentransfer-regensburg\"\r\n\t\t\t\t\t\t\tsrcset=\"\"\r\n\t\t\t\t\t\t\tsizes=\"(max-width: 600px) 100vw, 600px\" \r\n\t\t\t\t\t\t\talt=\"Limousinenservice Chauffeurservice regensburg airport shuttle service Flughafen transfer\"\/>\r\n\t\t\t\t\t\t\t<figcaption><div class=\"ym-wbox\"><h4> Airport transfer Regensburg<\/h4><p>Our chauffeurs will be waiting for you at Munich Airport (Franz-Josef-Strau\u00df) with a personalized pick-up sign and will then take you to Regensburg comfortably, quickly and safely. Whether you travel by limousine, minivan, green SUV, luxury minibus or VIP liner. Our drivers will always help you with your luggage as well.<\/p>\n<\/div><\/figcaption>\r\n\t\t\t\t\t\t<\/figure>\r\n\t\t\t\t\t\t\t\t\t\t\t<\/div>\t\t\t\t\t\t\t\t\r\n\t\t\t\t<\/div>\r\n\t\t\t\t\t\t\t\t\t\t\t\t\t<div class=\"ym-g25 ym-gl\">\r\n\r\n\t\t\t\t\t<div class=\"ym-wbox\">\r\n\t\t\t\t\t\t\t\t\t\t\t\t<figure>\r\n\t\t\t\t\t\t\t<img class=\"gridBild\" \r\n\t\t\t\t\t\t\tsrc=\"https:\/\/www.bavaria-limousines.de\/wp-content\/uploads\/2023\/05\/chauffeurservice-regensburg.jpg\"\r\n\t\t\t\t\t\t\ttitle=\"chauffeurservice-regensburg\"\r\n\t\t\t\t\t\t\tsrcset=\"\"\r\n\t\t\t\t\t\t\tsizes=\"(max-width: 600px) 100vw, 600px\" \r\n\t\t\t\t\t\t\talt=\"Limousinenservice Chauffeurservice regensburg Hotel shuttle service\"\/>\r\n\t\t\t\t\t\t\t<figcaption><div class=\"ym-wbox\"><h4> Hotel driving service<\/h4><p>You have important guests visiting and are still looking for a representative chauffeur service to drive your customers from the airport or train station to the hotel. This during the day to the fair or to you in the company chauffeured and if necessary also shopping tours or the visit in the restaurant organized. Bavaria Limousines is your right contact.<\/p>\n<\/div><\/figcaption>\r\n\t\t\t\t\t\t<\/figure>\r\n\t\t\t\t\t\t\t\t\t\t\t<\/div>\t\t\t\t\t\t\t\t\r\n\t\t\t\t<\/div>\r\n\t\t\t\t\t\t\t\t\t\t\t\t\t<div class=\"ym-g25 ym-gl\">\r\n\r\n\t\t\t\t\t<div class=\"ym-wbox\">\r\n\t\t\t\t\t\t\t\t\t\t\t\t<figure>\r\n\t\t\t\t\t\t\t<img class=\"gridBild\" \r\n\t\t\t\t\t\t\tsrc=\"https:\/\/www.bavaria-limousines.de\/wp-content\/uploads\/2023\/05\/limousinenservice-regensburg2-1.jpg\"\r\n\t\t\t\t\t\t\ttitle=\"limousinenservice-regensburg2\"\r\n\t\t\t\t\t\t\tsrcset=\"\"\r\n\t\t\t\t\t\t\tsizes=\"(max-width: 600px) 100vw, 600px\" \r\n\t\t\t\t\t\t\talt=\"Limousinenservice Chauffeurservice regensburg\"\/>\r\n\t\t\t\t\t\t\t<figcaption><div class=\"ym-wbox\"><h4>Limousines &amp; Chauffeur Service<\/h4><p>You are in Regensburg on business for a few days and still need a flexible and reliable limousine service that takes you to your meetings during the day and to your business dinner in the evening. Our Chauffeur Service Regensburg is available to you, your guests and customers 24 hours a day if needed.<\/p>\n<\/div><\/figcaption>\r\n\t\t\t\t\t\t<\/figure>\r\n\t\t\t\t\t\t\t\t\t\t\t<\/div>\t\t\t\t\t\t\t\t\r\n\t\t\t\t<\/div>\r\n\t\t\t\t\t\t\t\t\t\t\t\t\t<div class=\"ym-g25 ym-gl\">\r\n\r\n\t\t\t\t\t<div class=\"ym-wbox\">\r\n\t\t\t\t\t\t\t\t\t\t\t\t<figure>\r\n\t\t\t\t\t\t\t<img class=\"gridBild\" \r\n\t\t\t\t\t\t\tsrc=\"https:\/\/www.bavaria-limousines.de\/wp-content\/uploads\/2023\/05\/sightseeing-regensburg-chauffeur.jpg\"\r\n\t\t\t\t\t\t\ttitle=\"sightseeing-regensburg-chauffeur\"\r\n\t\t\t\t\t\t\tsrcset=\"\"\r\n\t\t\t\t\t\t\tsizes=\"(max-width: 600px) 100vw, 600px\" \r\n\t\t\t\t\t\t\talt=\"Limousinenservice Chauffeurservice N\u00fcrnberg airport shuttle service Flughafen transfer\"\/>\r\n\t\t\t\t\t\t\t<figcaption><div class=\"ym-wbox\"><h4>Private city tour<\/h4><p>Whether St. Peter&#8217;s Cathedral, the Stone Bridge, Thurn and Taxis Castle, Valhalla, the Golden Tower, the Goliath House or the old town of Regensburg. Our specially trained driver-guides know all the landmarks of the city and will make with you an unforgettable and private tour. We will be happy to help you with your planning in advance.<\/p>\n<\/div><\/figcaption>\r\n\t\t\t\t\t\t<\/figure>\r\n\t\t\t\t\t\t\t\t\t\t\t<\/div>\t\t\t\t\t\t\t\t\r\n\t\t\t\t<\/div>\r\n\t\t\t\t\t\t\t\t<\/div><\/div><\/div>\r\n\t\r\n","protected":false},"excerpt":{"rendered":"<p>Whether it&#8217;s a business meeting, private sightseeing, roadshow, trade fair visit or airport transfer &#8211; we are there for you. Experience a breathtaking time with our Limousine Service Regensburg in the, many would like to say, northernmost city of Italy. The beautiful district-free city of Regensburg became a UNESCO World Heritage Site in 2006. And not least, because of the magnificent and well-preserved medieval town center. This gives the city an Italian charm that many associate with the Italian cities of San Ginignano and Bologna. For every situation &#8211; our chauffeur service in Regensburg From airport transfer to Munich to hotel shuttle service. Our driving service is also available to you at any time in Regensburg.<\/p>\n","protected":false},"author":11,"featured_media":0,"parent":254650,"menu_order":0,"comment_status":"closed","ping_status":"closed","template":"","meta":{"_acf_changed":false,"inline_featured_image":false,"footnotes":""},"class_list":["post-254682","page","type-page","status-publish","hentry"],"acf":[],"_links":{"self":[{"href":"https:\/\/www.bavaria-limousines.de\/en\/wp-json\/wp\/v2\/pages\/254682","targetHints":{"allow":["GET"]}}],"collection":[{"href":"https:\/\/www.bavaria-limousines.de\/en\/wp-json\/wp\/v2\/pages"}],"about":[{"href":"https:\/\/www.bavaria-limousines.de\/en\/wp-json\/wp\/v2\/types\/page"}],"author":[{"embeddable":true,"href":"https:\/\/www.bavaria-limousines.de\/en\/wp-json\/wp\/v2\/users\/11"}],"replies":[{"embeddable":true,"href":"https:\/\/www.bavaria-limousines.de\/en\/wp-json\/wp\/v2\/comments?post=254682"}],"version-history":[{"count":0,"href":"https:\/\/www.bavaria-limousines.de\/en\/wp-json\/wp\/v2\/pages\/254682\/revisions"}],"up":[{"embeddable":true,"href":"https:\/\/www.bavaria-limousines.de\/en\/wp-json\/wp\/v2\/pages\/254650"}],"wp:attachment":[{"href":"https:\/\/www.bavaria-limousines.de\/en\/wp-json\/wp\/v2\/media?parent=254682"}],"curies":[{"name":"wp","href":"https:\/\/api.w.org\/{rel}","templated":true}]}}